{"id":487,"date":"2018-02-07T13:45:58","date_gmt":"2018-02-07T12:45:58","guid":{"rendered":"http:\/\/lebistrot-gourmand.fr\/restaurant-traiteur\/?page_id=487"},"modified":"2019-01-25T09:22:13","modified_gmt":"2019-01-25T08:22:13","slug":"mentions-legales","status":"publish","type":"page","link":"https:\/\/lebistrot-gourmand.fr\/restaurant-traiteur\/mentions-legales\/","title":{"rendered":"Mentions l\u00e9gales"},"content":{"rendered":"<p>[et_pb_section fb_built=\u00a0\u00bb1&Prime; _builder_version=\u00a0\u00bb3.0.47&Prime;][et_pb_row custom_margin=\u00a0\u00bb||-50px|\u00a0\u00bb _builder_version=\u00a0\u00bb3.0.99&Prime;][et_pb_column type=\u00a0\u00bb4_4&Prime; _builder_version=\u00a0\u00bb3.0.47&Prime; parallax=\u00a0\u00bboff\u00a0\u00bb parallax_method=\u00a0\u00bbon\u00a0\u00bb][et_pb_text admin_label=\u00a0\u00bbtitre mentions l\u00e9gales\u00a0\u00bb _builder_version=\u00a0\u00bb3.0.99&Prime;]<\/p>\n<h1>Mentions l\u00e9gales<\/h1>\n<p>[\/et_pb_text][\/et_pb_column][\/et_pb_row][\/et_pb_section][et_pb_section fb_built=\u00a0\u00bb1&Prime; _builder_version=\u00a0\u00bb3.0.47&Prime;][et_pb_row _builder_version=\u00a0\u00bb3.0.99&Prime;][et_pb_column type=\u00a0\u00bb4_4&Prime; _builder_version=\u00a0\u00bb3.0.47&Prime; parallax=\u00a0\u00bboff\u00a0\u00bb parallax_method=\u00a0\u00bbon\u00a0\u00bb][et_pb_text admin_label=\u00a0\u00bbcontenu\u00a0\u00bb _builder_version=\u00a0\u00bb3.0.99&Prime;]<\/p>\n<h3><strong>1.\u00a0La Soci\u00e9t\u00e9<\/strong><\/h3>\n<p>&nbsp;<\/p>\n<p>\u2013 Nom de la soci\u00e9t\u00e9 :\u00a0\u00a0<strong>Entreprise THIERRY<\/strong><br \/> \u2013 Adresse du Si\u00e8ge Social :\u00a0<strong>Le Bistrot Gourmand<\/strong>\u00a0\u2013 1 RUE DE LA PREVERIE \u00e0 FEGREAC (44460)<br \/> \u2013 Num\u00e9ro de t\u00e9l\u00e9phone :<strong> 02 40 91 27 34<\/strong><br \/> \u2013 Code ape (NAF) : 5610A<br \/> \u2013 Num\u00e9ro de SIRET:\u00a048348246900010<\/p>\n<p>&nbsp;<\/p>\n<p>&#8211; N\u00b0 d&rsquo;\u00e9tablissement (NIC):\u00a000010<\/p>\n<p>&nbsp;<\/p>\n<p>&#8211; Libell\u00e9 du code APE:\u00a0Restauration traditionnelle<\/p>\n<p>&nbsp;<\/p>\n<p>&nbsp;<\/p>\n<p>&nbsp;<\/p>\n<h3><strong>2. \u00c9diteur du site<\/strong><\/h3>\n<p>&nbsp;<\/p>\n<p>\u2013 Le site https:\/\/lebistrot-gourmand.fr\/restaurant-traiteur\u00a0est \u00e9dit\u00e9 par la soci\u00e9t\u00e9\u00a0<strong>P2id \u00e0 REDON<\/strong><br \/> \u2013 Adresse : P2id \u2013 Rue de la Jaunaie \u2013 ZA Cotard \u2013 35600 REDON<br \/> \u2013 T\u00e9l\u00e9phone :\u00a002 99 72 21 07<br \/> \u2013 Num\u00e9ro SIRET \u00a0\/ APE :\u00a034780795000055 \u00a0\u2013\u00a0Code APE 7312Z \u2013 N\u00b0 de TVA intracom. FR0334780795000055 \u2013 RCS 347807950<br \/> \u2013 Site web : <strong>www.p2id.fr<\/strong><\/p>\n<p>&nbsp;<\/p>\n<p>&nbsp;<\/p>\n<p>&nbsp;<\/p>\n<h3><strong>3. H\u00e9bergeur du site<\/strong><\/h3>\n<p>&nbsp;<\/p>\n<p>SAS OVH<br \/> SAS au capital de 10\u00a0059\u00a0500\u00a0\u20ac<br \/> RCS Lille M\u00e9tropole 424 761 419 00045<br \/> Code APE 6202A<br \/> N\u00b0 TVA : FR 22 424 761 419<br \/> Si\u00e8ge social : 2 rue Kellermann \u2013 59100 Roubaix \u2013 France.<br \/> Directeur de la publication : Octave KLABA<\/p>\n<p>&nbsp;<\/p>\n<p>&nbsp;<\/p>\n<p>&nbsp;<\/p>\n<h3><strong>4. Droits de propri\u00e9t\u00e9 intellectuelle attach\u00e9s au Site<\/strong><\/h3>\n<p>&nbsp;<\/p>\n<p>Le Site de l&rsquo;\u00e9tablissement<strong> le Bistrot Gourmand<\/strong>\u00a0est une \u0153uvre de l\u2019esprit prot\u00e9g\u00e9e par le droit de la propri\u00e9t\u00e9 intellectuelle. Le Site et chacun des \u00e9l\u00e9ments qui le composent (tels que, notamment, marques, logos, photographies, images, illustrations, textes, vid\u00e9os\u2026) sont la propri\u00e9t\u00e9 exclusive de l&rsquo;\u00e9tablissement<strong> le Bistrot Gourmand<\/strong>, seule habilit\u00e9e \u00e0 utiliser les droits de la propri\u00e9t\u00e9 intellectuelle et droits de la personnalit\u00e9 y aff\u00e9rent, celle-ci ne conc\u00e9dant aucune licence, ni aucun autre droit que celui de consulter le site.<\/p>\n<p>&nbsp;<\/p>\n<p>La reproduction de tous documents publi\u00e9s sur le Site est seulement autoris\u00e9e aux fins exclusives d\u2019information pour un usage strictement personnel et priv\u00e9. Toute reproduction et\/ou repr\u00e9sentation, int\u00e9grale ou partielle, du Site, ou de l\u2019un quelconque des \u00e9l\u00e9ments qui le composent, sur quelque support que ce soit, \u00e0 d\u2019autres fins, et notamment commerciales, est express\u00e9ment interdite.<\/p>\n<p>&nbsp;<\/p>\n<p>A l\u2019exception des circonstances ci-dessus vis\u00e9es, toute autre reproduction et\/ou repr\u00e9sentation du Site devra faire l\u2019objet d\u2019une autorisation expresse et pr\u00e9alable de l&rsquo;\u00e9tablissement<strong> le Bistrot Gourmand<\/strong>. De m\u00eame, la cr\u00e9ation de liens hypertextes vers le Site ne peut-\u00eatre faite qu\u2019avec l\u2019autorisation \u00e9crite et pr\u00e9alable de l&rsquo;\u00e9tablissement<strong> le Bistrot Gourmand<\/strong>. L&rsquo;\u00e9tablissement<strong> le Bistrot Gourmand<\/strong>\u00a0d\u00e9cline toute responsabilit\u00e9 concernant le contenu, la publicit\u00e9, les produits ou les services disponibles sur ou \u00e0 partir des sites li\u00e9s au Site.<\/p>\n<p>&nbsp;<\/p>\n<p>En outre, l\u2019ensemble des marques cit\u00e9es dans le Site sont des marques d\u00e9pos\u00e9es et donc prot\u00e9g\u00e9es. Toute utilisation de l\u2019une quelconque des dites marques ne peut \u00eatre faite sans le consentement pr\u00e9alable, expr\u00e8s et \u00e9crit de l&rsquo;\u00e9tablissement<strong> le Bistrot Gourmand<\/strong>, sous peine de contrefa\u00e7on.<\/p>\n<p>&nbsp;<\/p>\n<p>Par ailleurs, sauf accord expr\u00e8s et \u00e9crit de l&rsquo;\u00e9tablissement<strong> le Bistrot Gourmand<\/strong>, l\u2019utilisateur n\u2019est pas autoris\u00e9 \u00e0 placer sur son propre site Internet un lien hypertexte pointant vers le Site et\/ou vers les pages qu\u2019il contient.<\/p>\n<p>&nbsp;<\/p>\n<p>Toute utilisation non autoris\u00e9e constitue une contrefa\u00e7on sanctionn\u00e9e p\u00e9nalement.<\/p>\n<p>&nbsp;<\/p>\n<p>&nbsp;<\/p>\n<p>&nbsp;<\/p>\n<h3><strong>5. Donn\u00e9es personnelles<\/strong><\/h3>\n<p>&nbsp;<\/p>\n<p>L\u2019\u00e9tablissement <strong>Le Bistrot gourmand<\/strong>\u00a0pourra \u00eatre amen\u00e9e \u00e0 collecter des donn\u00e9es personnelles concernant l\u2019utilisateur si celui-ci contacte l&rsquo;\u00e9tablissement par t\u00e9l\u00e9phone. Ces donn\u00e9es personnelles feront l\u2019objet d\u2019un traitement automatis\u00e9 et seront destin\u00e9es \u00e0 vous contacter et\/ou \u00e0 effectuer une r\u00e9servation. Conform\u00e9ment aux dispositions de la loi n\u00b078-17 du 6 janvier 1978 modifi\u00e9e, relative \u00e0 l\u2019informatique, aux fichiers et aux libert\u00e9s, l\u2019utilisateur est inform\u00e9 qu\u2019il dispose d\u2019un droit d\u2019acc\u00e8s, d\u2019opposition, de rectification et de radiation des donn\u00e9es le concernant. Pour exercer ces droits, il suffit \u00e0 l\u2019utilisateur d\u2019en faire la demande via la page contact du site internet.<\/p>\n<p>&nbsp;<\/p>\n<p>Ces donn\u00e9es ne seront conserv\u00e9es que durant le temps n\u00e9cessaire \u00e0 l&rsquo;accomplissement de la demande et de la commande. L&rsquo;objectif atteint, elles seront supprim\u00e9es.<\/p>\n<p>&nbsp;<\/p>\n<p>L\u2019\u00e9tablissement<strong> Le Bistrot gourmand<\/strong> s\u2019engage \u00e0 pr\u00e9server la confidentialit\u00e9 des donn\u00e9es personnelles transmises par l\u2019utilisateur dans le cadre de l\u2019utilisation du site. Par ailleurs, sous r\u00e9serve d\u2019avoir obtenu son consentement expr\u00e8s et pr\u00e9alable lors de la collecte des donn\u00e9es, l<strong>\u2019<\/strong>\u00e9tablissement<strong> Le Bistrot gourmand<\/strong>\u00a0pourra adresser \u00e0 l\u2019utilisateur des prospections directes par courrier \u00e9lectronique.<\/p>\n<p>&nbsp;<\/p>\n<p>Enfin, sous r\u00e9serve d\u2019avoir obtenu son consentement expr\u00e8s et pr\u00e9alable lors de la collecte des donn\u00e9es,\u00a0l<strong>\u2019<\/strong>\u00e9tablissement<strong> Le Bistrot gourmand<\/strong>\u00a0ne communiquera <strong>jamais\u00a0<\/strong>les donn\u00e9es personnelles de l&rsquo;utilisateur \u00e0 des tiers.<\/p>\n<p>&nbsp;<\/p>\n<p>&nbsp;<\/p>\n<p>&nbsp;<\/p>\n<h3><strong>6. Utilisation de Site<\/strong><\/h3>\n<p>&nbsp;<\/p>\n<p><strong>a. Utilisation du contenu du Site<\/strong><\/p>\n<p>&nbsp;<\/p>\n<p>L\u2019\u00e9tablissement <strong>Le Bistrot Gourmand<\/strong>\u00a0s\u2019efforce de mettre \u00e0 jour le contenu du Site et de d\u00e9livrer aux Utilisateurs des informations exactes. N\u00e9anmoins, l\u2019Utilisateur sait que les transmissions de donn\u00e9es et d\u2019informations sur Internet ne b\u00e9n\u00e9ficient que d\u2019une fiabilit\u00e9 technique relative, celles-ci circulant sur des r\u00e9seaux de nature tr\u00e8s h\u00e9t\u00e9rog\u00e8ne. D\u00e8s lors, l\u2019\u00e9tablissement <strong>Le Bistrot Gourmand<\/strong>\u00a0ne peut garantir l\u2019exactitude des donn\u00e9es figurant sur le Site.<\/p>\n<p>&nbsp;<\/p>\n<p>Toute utilisation du Site non conforme \u00e0 son esprit original et toute violation des pr\u00e9sentes stipulations pourront donner lieu \u00e0 l\u2019application des peines p\u00e9nales et civiles pr\u00e9vues par la loi.<\/p>\n<p>&nbsp;<\/p>\n<p><strong>b. Acc\u00e8s au Site<\/strong><\/p>\n<p>&nbsp;<\/p>\n<p>\u00e9tablissement <strong>Le Bistrot Gourmand<\/strong> s\u2019efforce de maintenir accessible le Site, sans pour autant \u00eatre tenue \u00e0 aucune obligation d\u2019y parvenir. Il est pr\u00e9cis\u00e9 qu\u2019\u00e0 des fins de maintenance, de mise \u00e0 jour, et pour toute autre raison notamment d\u2019ordre technique, l\u2019acc\u00e8s au Site pourra \u00eatre interrompu. L&rsquo;\u00e9tablissement <strong>Le Bistrot Gourmand<\/strong>\u00a0n\u2019est en aucun cas responsable de ces interruptions et des cons\u00e9quences qui peuvent en d\u00e9couler pour l\u2019Utilisateur.<\/p>\n<p>&nbsp;<\/p>\n<p><strong>c. Liens hypertextes mis en place sur le Site<\/strong><\/p>\n<p>&nbsp;<\/p>\n<p>Les liens hypertextes mis en place sur le Site peuvent conduire l\u2019Utilisateur sur les sites Internet de diff\u00e9rents partenaires. Il est pr\u00e9cis\u00e9 que l\u2019\u00e9tablissement <strong>Le Bistrot Gourmand<\/strong>\u00a0n\u2019a pas v\u00e9rifi\u00e9 tous les sites \u00e9ventuellement reli\u00e9s au sien, leur contenu et les informations qui y sont pr\u00e9sentes, et d\u00e9cline par cons\u00e9quent toute responsabilit\u00e9 sur le contenu de ces sites et sur l\u2019utilisation qui en est faite par l\u2019Utilisateur. Le recours \u00e0 ces sites par l\u2019Utilisateur rel\u00e8ve de la seule responsabilit\u00e9 de ce dernier.<\/p>\n<p>&nbsp;<\/p>\n<p>[\/et_pb_text][\/et_pb_column][\/et_pb_row][\/et_pb_section]<\/p>\n","protected":false},"excerpt":{"rendered":"<p>Mentions l\u00e9gales 1.\u00a0La Soci\u00e9t\u00e9 &nbsp; \u2013 Nom de la soci\u00e9t\u00e9 :\u00a0\u00a0Entreprise THIERRY \u2013 Adresse du Si\u00e8ge Social :\u00a0Le Bistrot Gourmand\u00a0\u2013 1 RUE DE LA PREVERIE \u00e0 FEGREAC (44460) \u2013 Num\u00e9ro de t\u00e9l\u00e9phone : 02 40 91 27 34 \u2013 Code ape (NAF) : 5610A \u2013 Num\u00e9ro de SIRET:\u00a048348246900010 &nbsp; &#8211; N\u00b0 d&rsquo;\u00e9tablissement (NIC):\u00a000010 &nbsp; &#8211; [&hellip;]<\/p>\n","protected":false},"author":1,"featured_media":0,"parent":0,"menu_order":0,"comment_status":"closed","ping_status":"closed","template":"","meta":{"_et_pb_use_builder":"on","_et_pb_old_content":"","_et_gb_content_width":"","footnotes":""},"class_list":["post-487","page","type-page","status-publish","hentry"],"_links":{"self":[{"href":"https:\/\/lebistrot-gourmand.fr\/restaurant-traiteur\/wp-json\/wp\/v2\/pages\/487","targetHints":{"allow":["GET"]}}],"collection":[{"href":"https:\/\/lebistrot-gourmand.fr\/restaurant-traiteur\/wp-json\/wp\/v2\/pages"}],"about":[{"href":"https:\/\/lebistrot-gourmand.fr\/restaurant-traiteur\/wp-json\/wp\/v2\/types\/page"}],"author":[{"embeddable":true,"href":"https:\/\/lebistrot-gourmand.fr\/restaurant-traiteur\/wp-json\/wp\/v2\/users\/1"}],"replies":[{"embeddable":true,"href":"https:\/\/lebistrot-gourmand.fr\/restaurant-traiteur\/wp-json\/wp\/v2\/comments?post=487"}],"version-history":[{"count":7,"href":"https:\/\/lebistrot-gourmand.fr\/restaurant-traiteur\/wp-json\/wp\/v2\/pages\/487\/revisions"}],"predecessor-version":[{"id":629,"href":"https:\/\/lebistrot-gourmand.fr\/restaurant-traiteur\/wp-json\/wp\/v2\/pages\/487\/revisions\/629"}],"wp:attachment":[{"href":"https:\/\/lebistrot-gourmand.fr\/restaurant-traiteur\/wp-json\/wp\/v2\/media?parent=487"}],"curies":[{"name":"wp","href":"https:\/\/api.w.org\/{rel}","templated":true}]}}