{"id":17,"date":"2018-02-01T14:37:06","date_gmt":"2018-02-01T13:37:06","guid":{"rendered":"http:\/\/lebistrot-gourmand.fr\/restaurant-traiteur\/?page_id=17"},"modified":"2021-03-17T15:10:00","modified_gmt":"2021-03-17T14:10:00","slug":"contact","status":"publish","type":"page","link":"https:\/\/lebistrot-gourmand.fr\/restaurant-traiteur\/contact\/","title":{"rendered":"CONTACT"},"content":{"rendered":"<p>[et_pb_section fb_built=\u00a0\u00bb1&Prime; _builder_version=\u00a0\u00bb3.22&Prime; parallax=\u00a0\u00bbon\u00a0\u00bb][et_pb_row _builder_version=\u00a0\u00bb3.25&Prime;][et_pb_column type=\u00a0\u00bb4_4&Prime; _builder_version=\u00a0\u00bb3.25&Prime; custom_padding=\u00a0\u00bb|||\u00a0\u00bb custom_padding__hover=\u00a0\u00bb|||\u00a0\u00bb][et_pb_text _builder_version=\u00a0\u00bb3.27.4&Prime; header_font=\u00a0\u00bb||||||||\u00a0\u00bb header_2_font=\u00a0\u00bb||||||||\u00a0\u00bb header_2_font_size=\u00a0\u00bb44px\u00a0\u00bb header_4_font=\u00a0\u00bb||||||||\u00a0\u00bb header_4_text_align=\u00a0\u00bbcenter\u00a0\u00bb header_4_font_size=\u00a0\u00bb27px\u00a0\u00bb header_4_line_height=\u00a0\u00bb1.2em\u00a0\u00bb]<\/p>\n<h3 style=\"text-align: center;\">Le Bistrot Gourmand \u00e0 votre service<\/h3>\n<h3 style=\"text-align: center;\">Pour toutes vos demandes, merci de nous contacter au\u00a0:<\/h3>\n<h2 style=\"text-align: center;\"><span style=\"color: #af9a85;\"><strong>02 40 91 27 34<\/strong><\/span><\/h2>\n<p>&nbsp;<\/p>\n<p>&nbsp;<\/p>\n<h4 style=\"text-align: center;\"><span style=\"color: #af9a85;\"><strong>1 rue de la Pr\u00e9verie 44460 F\u00e9gr\u00e9ac<\/strong><\/span><\/h4>\n<p>[\/et_pb_text][\/et_pb_column][\/et_pb_row][\/et_pb_section][et_pb_section fb_built=\u00a0\u00bb1&Prime; fullwidth=\u00a0\u00bbon\u00a0\u00bb _builder_version=\u00a0\u00bb3.22&Prime;][et_pb_fullwidth_code _builder_version=\u00a0\u00bb4.9.2&Prime; _module_preset=\u00a0\u00bbdefault\u00a0\u00bb hover_enabled=\u00a0\u00bb0&Prime; sticky_enabled=\u00a0\u00bb0&Prime; text_orientation=\u00a0\u00bbcenter\u00a0\u00bb]<iframe src=\"https:\/\/www.google.com\/maps\/embed?pb=!1m14!1m8!1m3!1d10764.42168940888!2d-2.0442627!3d47.5851915!3m2!1i1024!2i768!4f13.1!3m3!1m2!1s0x0%3A0xf5676ed1aa45cbad!2sLe%20Bistrot%20Gourmand!5e0!3m2!1sfr!2sfr!4v1615990145787!5m2!1sfr!2sfr\" width=\"1920\" height=\"600\" style=\"border:0;\" allowfullscreen=\"\" loading=\"lazy\"><\/iframe>[\/et_pb_fullwidth_code][\/et_pb_section]<\/p>\n","protected":false},"excerpt":{"rendered":"<p>Le Bistrot Gourmand \u00e0 votre service Pour toutes vos demandes, merci de nous contacter au\u00a0: 02 40 91 27 34 &nbsp; &nbsp; 1 rue de la Pr\u00e9verie 44460 F\u00e9gr\u00e9ac<\/p>\n","protected":false},"author":1,"featured_media":0,"parent":0,"menu_order":0,"comment_status":"closed","ping_status":"closed","template":"","meta":{"_et_pb_use_builder":"on","_et_pb_old_content":"","_et_gb_content_width":"","footnotes":""},"class_list":["post-17","page","type-page","status-publish","hentry"],"_links":{"self":[{"href":"https:\/\/lebistrot-gourmand.fr\/restaurant-traiteur\/wp-json\/wp\/v2\/pages\/17","targetHints":{"allow":["GET"]}}],"collection":[{"href":"https:\/\/lebistrot-gourmand.fr\/restaurant-traiteur\/wp-json\/wp\/v2\/pages"}],"about":[{"href":"https:\/\/lebistrot-gourmand.fr\/restaurant-traiteur\/wp-json\/wp\/v2\/types\/page"}],"author":[{"embeddable":true,"href":"https:\/\/lebistrot-gourmand.fr\/restaurant-traiteur\/wp-json\/wp\/v2\/users\/1"}],"replies":[{"embeddable":true,"href":"https:\/\/lebistrot-gourmand.fr\/restaurant-traiteur\/wp-json\/wp\/v2\/comments?post=17"}],"version-history":[{"count":17,"href":"https:\/\/lebistrot-gourmand.fr\/restaurant-traiteur\/wp-json\/wp\/v2\/pages\/17\/revisions"}],"predecessor-version":[{"id":1071,"href":"https:\/\/lebistrot-gourmand.fr\/restaurant-traiteur\/wp-json\/wp\/v2\/pages\/17\/revisions\/1071"}],"wp:attachment":[{"href":"https:\/\/lebistrot-gourmand.fr\/restaurant-traiteur\/wp-json\/wp\/v2\/media?parent=17"}],"curies":[{"name":"wp","href":"https:\/\/api.w.org\/{rel}","templated":true}]}}